{"id":21,"date":"2015-07-06T08:26:14","date_gmt":"2015-07-06T08:26:14","guid":{"rendered":"http:\/\/handisport41.fr\/?page_id=21"},"modified":"2022-02-24T14:06:48","modified_gmt":"2022-02-24T14:06:48","slug":"blois-handisport","status":"publish","type":"page","link":"https:\/\/handisport41.fr\/?page_id=21","title":{"rendered":"Blois Handisport"},"content":{"rendered":"<p><img decoding=\"async\" loading=\"lazy\" class=\"alignleft wp-image-154\" src=\"http:\/\/handisport41.fr\/wp-content\/uploads\/2015\/07\/logo_blois_handi_sport_tennis-300x279.jpg\" alt=\"logo blois handi sport (V)\" width=\"200\" height=\"186\" srcset=\"https:\/\/handisport41.fr\/wp-content\/uploads\/2015\/07\/logo_blois_handi_sport_tennis-300x279.jpg 300w, https:\/\/handisport41.fr\/wp-content\/uploads\/2015\/07\/logo_blois_handi_sport_tennis-1x1.jpg 1w, https:\/\/handisport41.fr\/wp-content\/uploads\/2015\/07\/logo_blois_handi_sport_tennis.jpg 518w\" sizes=\"(max-width: 200px) 100vw, 200px\" \/><\/p>\n<p>Cr\u00e9\u00e9e en 2003, pr\u00e9sid\u00e9e par Alexandre CHAUSSARD<\/p>\n<p><strong>Contact :<\/strong> <a href=\"mailto:bloishandisport@orange.fr\">bloishandisport@orange.fr<\/a>, 06 71 93 99 18,<\/p>\n<p><strong>Activit\u00e9s propos\u00e9es :<\/strong><\/p>\n<ul>\n<li>badminton (loisir),<\/li>\n<li>ball-trap\u00a0(loisir),<\/li>\n<li>basket-ball\u00a0(loisir),<\/li>\n<li>billard\u00a0(loisir),<\/li>\n<li>cano\u00eb-kayak\u00a0(loisir),<\/li>\n<li>char \u00e0 voile\u00a0(loisir),<\/li>\n<li>cyclisme handcycle\u00a0(loisir),<\/li>\n<li>cyclisme solo\u00a0(loisir),<\/li>\n<li>cyclisme tandem\u00a0(loisir),<\/li>\n<li>\u00e9quitation\u00a0(loisir et comp\u00e9tition),<\/li>\n<li>handball\u00a0(loisir),<\/li>\n<li>karting\u00a0(loisir),<\/li>\n<li>natation\u00a0(loisir),<\/li>\n<li>parachutisme\u00a0(loisir),<\/li>\n<li>planeur ULM\u00a0(loisir),<\/li>\n<li>plong\u00e9e sous-marine\u00a0(loisir),<\/li>\n<li>rugby\u00a0(loisir),<\/li>\n<li>rugby \u00e0 XIII\u00a0(loisir),<\/li>\n<li>ski alpin\u00a0(loisir),<\/li>\n<li>ski nautique\u00a0(loisir),<\/li>\n<li>sport de boule p\u00e9tanque\u00a0(loisir),<\/li>\n<li>tennis\u00a0(loisir et comp\u00e9tition),<\/li>\n<\/ul>\n<p><strong>Public accueilli :<\/strong> debout, fauteuil manuel, d\u00e9ficient visuel<\/p>\n","protected":false},"excerpt":{"rendered":"<p>Cr\u00e9\u00e9e en 2003, pr\u00e9sid\u00e9e par Alexandre CHAUSSARD Contact : bloishandisport@orange.fr, 06 71 93 99 18, Activit\u00e9s propos\u00e9es : badminton (loisir), ball-trap\u00a0(loisir), basket-ball\u00a0(loisir), billard\u00a0(loisir), cano\u00eb-kayak\u00a0(loisir), char \u00e0 voile\u00a0(loisir), cyclisme handcycle\u00a0(loisir), cyclisme solo\u00a0(loisir), cyclisme tandem\u00a0(loisir), \u00e9quitation\u00a0(loisir et comp\u00e9tition), handball\u00a0(loisir), karting\u00a0(loisir), natation\u00a0(loisir), parachutisme\u00a0(loisir), planeur ULM\u00a0(loisir), plong\u00e9e sous-marine\u00a0(loisir), rugby\u00a0(loisir), rugby \u00e0 XIII\u00a0(loisir), ski alpin\u00a0(loisir), ski nautique\u00a0(loisir), sport de boule&#8230;<\/p>\n","protected":false},"author":1,"featured_media":0,"parent":0,"menu_order":0,"comment_status":"closed","ping_status":"open","template":"","meta":[],"_links":{"self":[{"href":"https:\/\/handisport41.fr\/index.php?rest_route=\/wp\/v2\/pages\/21"}],"collection":[{"href":"https:\/\/handisport41.fr\/index.php?rest_route=\/wp\/v2\/pages"}],"about":[{"href":"https:\/\/handisport41.fr\/index.php?rest_route=\/wp\/v2\/types\/page"}],"author":[{"embeddable":true,"href":"https:\/\/handisport41.fr\/index.php?rest_route=\/wp\/v2\/users\/1"}],"replies":[{"embeddable":true,"href":"https:\/\/handisport41.fr\/index.php?rest_route=%2Fwp%2Fv2%2Fcomments&post=21"}],"version-history":[{"count":8,"href":"https:\/\/handisport41.fr\/index.php?rest_route=\/wp\/v2\/pages\/21\/revisions"}],"predecessor-version":[{"id":783,"href":"https:\/\/handisport41.fr\/index.php?rest_route=\/wp\/v2\/pages\/21\/revisions\/783"}],"wp:attachment":[{"href":"https:\/\/handisport41.fr\/index.php?rest_route=%2Fwp%2Fv2%2Fmedia&parent=21"}],"curies":[{"name":"wp","href":"https:\/\/api.w.org\/{rel}","templated":true}]}}