{"id":223,"date":"2016-02-02T20:17:15","date_gmt":"2016-02-02T20:17:15","guid":{"rendered":"http:\/\/handisport41.fr\/?page_id=223"},"modified":"2022-02-24T14:12:55","modified_gmt":"2022-02-24T14:12:55","slug":"tennis-club-val-du-beuvron","status":"publish","type":"page","link":"https:\/\/handisport41.fr\/?page_id=223","title":{"rendered":"Tennis Club Val du Beuvron"},"content":{"rendered":"<p><a href=\"http:\/\/handisport41.fr\/wp-content\/uploads\/2016\/02\/logo_tcvb.png\"><img decoding=\"async\" loading=\"lazy\" class=\"size-full wp-image-221 alignleft\" src=\"http:\/\/handisport41.fr\/wp-content\/uploads\/2016\/02\/logo_tcvb.png\" alt=\"logo_tcvb\" width=\"218\" height=\"122\" srcset=\"https:\/\/handisport41.fr\/wp-content\/uploads\/2016\/02\/logo_tcvb.png 218w, https:\/\/handisport41.fr\/wp-content\/uploads\/2016\/02\/logo_tcvb-2x1.png 2w\" sizes=\"(max-width: 218px) 100vw, 218px\" \/><\/a><\/p>\n<p>Cr\u00e9\u00e9e en 2006, pr\u00e9sid\u00e9e par Carole CHASSIER<\/p>\n<p><strong>Contact :<\/strong> tcvb@fft.fr, 06 07 82 00 02<\/p>\n<p><strong>Site internet : <a href=\"https:\/\/sites.google.com\/site\/tcvbtennis\/?fbclid=IwAR3Jb2ktLWl18PvBoFiTZ9BwQU0qreMx_tCGDXvMhm_nTyrgCVcZtLb769Y\" target=\"_blank\" rel=\"noopener noreferrer\">tcvbtennis<\/a><\/strong><\/p>\n<p><strong>Activit\u00e9s propos\u00e9es :\u00a0<\/strong>tennis fauteuil (loisir et comp\u00e9tition)<\/p>\n<p><strong>Public acceuilli :<\/strong> debout, fauteuil manuel<\/p>\n","protected":false},"excerpt":{"rendered":"<p>Cr\u00e9\u00e9e en 2006, pr\u00e9sid\u00e9e par Carole CHASSIER Contact : tcvb@fft.fr, 06 07 82 00 02 Site internet : tcvbtennis Activit\u00e9s propos\u00e9es :\u00a0tennis fauteuil (loisir et comp\u00e9tition) Public acceuilli : debout, fauteuil manuel<\/p>\n","protected":false},"author":1,"featured_media":0,"parent":49,"menu_order":0,"comment_status":"closed","ping_status":"closed","template":"","meta":[],"_links":{"self":[{"href":"https:\/\/handisport41.fr\/index.php?rest_route=\/wp\/v2\/pages\/223"}],"collection":[{"href":"https:\/\/handisport41.fr\/index.php?rest_route=\/wp\/v2\/pages"}],"about":[{"href":"https:\/\/handisport41.fr\/index.php?rest_route=\/wp\/v2\/types\/page"}],"author":[{"embeddable":true,"href":"https:\/\/handisport41.fr\/index.php?rest_route=\/wp\/v2\/users\/1"}],"replies":[{"embeddable":true,"href":"https:\/\/handisport41.fr\/index.php?rest_route=%2Fwp%2Fv2%2Fcomments&post=223"}],"version-history":[{"count":5,"href":"https:\/\/handisport41.fr\/index.php?rest_route=\/wp\/v2\/pages\/223\/revisions"}],"predecessor-version":[{"id":788,"href":"https:\/\/handisport41.fr\/index.php?rest_route=\/wp\/v2\/pages\/223\/revisions\/788"}],"up":[{"embeddable":true,"href":"https:\/\/handisport41.fr\/index.php?rest_route=\/wp\/v2\/pages\/49"}],"wp:attachment":[{"href":"https:\/\/handisport41.fr\/index.php?rest_route=%2Fwp%2Fv2%2Fmedia&parent=223"}],"curies":[{"name":"wp","href":"https:\/\/api.w.org\/{rel}","templated":true}]}}