{"id":227,"date":"2016-02-02T20:30:34","date_gmt":"2016-02-02T20:30:34","guid":{"rendered":"http:\/\/handisport41.fr\/?page_id=227"},"modified":"2022-02-24T13:52:52","modified_gmt":"2022-02-24T13:52:52","slug":"aajb-tennis","status":"publish","type":"page","link":"https:\/\/handisport41.fr\/?page_id=227","title":{"rendered":"AAJB-Tennis"},"content":{"rendered":"<p><img decoding=\"async\" loading=\"lazy\" class=\"size-medium wp-image-228 alignleft\" src=\"http:\/\/handisport41.fr\/wp-content\/uploads\/2016\/02\/logo_aajb-268x300.png\" alt=\"logo_aajb\" width=\"268\" height=\"300\" srcset=\"https:\/\/handisport41.fr\/wp-content\/uploads\/2016\/02\/logo_aajb-268x300.png 268w, https:\/\/handisport41.fr\/wp-content\/uploads\/2016\/02\/logo_aajb-1x1.png 1w, https:\/\/handisport41.fr\/wp-content\/uploads\/2016\/02\/logo_aajb.png 533w\" sizes=\"(max-width: 268px) 100vw, 268px\" \/><\/p>\n<p>Cr\u00e9\u00e9e en 1912, pr\u00e9sid\u00e9e par Arnaud SELLE<\/p>\n<p><strong>Adresse :<\/strong>\u00a029 avenue Pierre Brossolette, BLOIS<\/p>\n<p><strong>Contact :<\/strong>\u00a0<a href=\"mailto:aajb.tennis@wanadoo.fr\" target=\"_blank\" rel=\"noopener noreferrer\">aajb.tennis@wanadoo.fr<\/a>, \u00a002 54 78 53 69,<\/p>\n<p><strong>Site internet : <\/strong><a href=\"https:\/\/club.fft.fr\/aajbtennis\/53410074_a\/cms\/index_public.php?us_action=show_note_site&amp;login_off=1&amp;ui_id_site=1\" target=\"_blank\" rel=\"noopener noreferrer\">club.fft.fr\/aajbtennis<\/a><\/p>\n<p><strong>Activit\u00e9 propos\u00e9e :<\/strong> Tennis de loisir ou de comp\u00e9tition, debout \/ fauteuil manuel<\/p>\n","protected":false},"excerpt":{"rendered":"<p>Cr\u00e9\u00e9e en 1912, pr\u00e9sid\u00e9e par Arnaud SELLE Adresse :\u00a029 avenue Pierre Brossolette, BLOIS Contact :\u00a0aajb.tennis@wanadoo.fr, \u00a002 54 78 53 69, Site internet : club.fft.fr\/aajbtennis Activit\u00e9 propos\u00e9e : Tennis de loisir ou de comp\u00e9tition, debout \/ fauteuil manuel<\/p>\n","protected":false},"author":1,"featured_media":0,"parent":49,"menu_order":0,"comment_status":"closed","ping_status":"closed","template":"","meta":[],"_links":{"self":[{"href":"https:\/\/handisport41.fr\/index.php?rest_route=\/wp\/v2\/pages\/227"}],"collection":[{"href":"https:\/\/handisport41.fr\/index.php?rest_route=\/wp\/v2\/pages"}],"about":[{"href":"https:\/\/handisport41.fr\/index.php?rest_route=\/wp\/v2\/types\/page"}],"author":[{"embeddable":true,"href":"https:\/\/handisport41.fr\/index.php?rest_route=\/wp\/v2\/users\/1"}],"replies":[{"embeddable":true,"href":"https:\/\/handisport41.fr\/index.php?rest_route=%2Fwp%2Fv2%2Fcomments&post=227"}],"version-history":[{"count":4,"href":"https:\/\/handisport41.fr\/index.php?rest_route=\/wp\/v2\/pages\/227\/revisions"}],"predecessor-version":[{"id":769,"href":"https:\/\/handisport41.fr\/index.php?rest_route=\/wp\/v2\/pages\/227\/revisions\/769"}],"up":[{"embeddable":true,"href":"https:\/\/handisport41.fr\/index.php?rest_route=\/wp\/v2\/pages\/49"}],"wp:attachment":[{"href":"https:\/\/handisport41.fr\/index.php?rest_route=%2Fwp%2Fv2%2Fmedia&parent=227"}],"curies":[{"name":"wp","href":"https:\/\/api.w.org\/{rel}","templated":true}]}}