{"id":49,"date":"2015-07-06T08:41:49","date_gmt":"2015-07-06T08:41:49","guid":{"rendered":"http:\/\/handisport41.fr\/?page_id=49"},"modified":"2022-02-24T12:16:45","modified_gmt":"2022-02-24T12:16:45","slug":"les-clubs-affilies","status":"publish","type":"page","link":"https:\/\/handisport41.fr\/?page_id=49","title":{"rendered":"Les clubs affili\u00e9s"},"content":{"rendered":"<p>Un certain nombre de clubs sportifs de Loir-et-Cher sont affili\u00e9s handisport.<\/p>\n<p>Vous trouverez sur ces pages les renseignements les concernants<\/p>\n<ul>\n<li><a href=\"http:\/\/handisport41.fr\/?page_id=347\">ADA tir<\/a><\/li>\n<li><a href=\"http:\/\/handisport41.fr\/?page_id=67\">Association Chailles Tennis de Table<\/a><\/li>\n<li><a href=\"http:\/\/handisport41.fr\/?page_id=73\">Association Jeunesse Bl\u00e9soise et Onzainoise <\/a><\/li>\n<li><a href=\"http:\/\/handisport41.fr\/?page_id=227\">AAJB-Tennis<\/a><\/li>\n<li><a href=\"http:\/\/handisport41.fr\/?page_id=69\">Association M\u00e9roise Olympique, Tennis de Table<\/a><\/li>\n<li><a href=\"http:\/\/handisport41.fr\/?page_id=23\">Association Sportive des Handicap\u00e9s Bl\u00e9sois<\/a><\/li>\n<li><a href=\"http:\/\/handisport41.fr\/?page_id=71\">Billarder\u2019s Bl\u00e9sois<\/a><\/li>\n<li><a href=\"http:\/\/handisport41.fr\/?page_id=21\">Blois Handisport<\/a><\/li>\n<li><a href=\"http:\/\/handisport41.fr\/?page_id=223\">Tennis Club Val du Beuvron<\/a><\/li>\n<li><a href=\"http:\/\/handisport41.fr\/?page_id=65\">Union Sportive Vend\u00f4moise Handisport<\/a><\/li>\n<\/ul>\n","protected":false},"excerpt":{"rendered":"<p>Un certain nombre de clubs sportifs de Loir-et-Cher sont affili\u00e9s handisport. Vous trouverez sur ces pages les renseignements les concernants ADA tir Association Chailles Tennis de Table Association Jeunesse Bl\u00e9soise et Onzainoise AAJB-Tennis Association M\u00e9roise Olympique, Tennis de Table Association Sportive des Handicap\u00e9s Bl\u00e9sois Billarder\u2019s Bl\u00e9sois Blois Handisport Tennis Club Val du Beuvron Union Sportive&#8230;<\/p>\n","protected":false},"author":1,"featured_media":0,"parent":0,"menu_order":0,"comment_status":"closed","ping_status":"open","template":"","meta":[],"_links":{"self":[{"href":"https:\/\/handisport41.fr\/index.php?rest_route=\/wp\/v2\/pages\/49"}],"collection":[{"href":"https:\/\/handisport41.fr\/index.php?rest_route=\/wp\/v2\/pages"}],"about":[{"href":"https:\/\/handisport41.fr\/index.php?rest_route=\/wp\/v2\/types\/page"}],"author":[{"embeddable":true,"href":"https:\/\/handisport41.fr\/index.php?rest_route=\/wp\/v2\/users\/1"}],"replies":[{"embeddable":true,"href":"https:\/\/handisport41.fr\/index.php?rest_route=%2Fwp%2Fv2%2Fcomments&post=49"}],"version-history":[{"count":4,"href":"https:\/\/handisport41.fr\/index.php?rest_route=\/wp\/v2\/pages\/49\/revisions"}],"predecessor-version":[{"id":747,"href":"https:\/\/handisport41.fr\/index.php?rest_route=\/wp\/v2\/pages\/49\/revisions\/747"}],"wp:attachment":[{"href":"https:\/\/handisport41.fr\/index.php?rest_route=%2Fwp%2Fv2%2Fmedia&parent=49"}],"curies":[{"name":"wp","href":"https:\/\/api.w.org\/{rel}","templated":true}]}}