{"id":65,"date":"2015-07-06T08:58:11","date_gmt":"2015-07-06T08:58:11","guid":{"rendered":"http:\/\/handisport41.fr\/?page_id=65"},"modified":"2022-02-24T14:19:50","modified_gmt":"2022-02-24T14:19:50","slug":"union-sportive-vendomoise-handisport","status":"publish","type":"page","link":"https:\/\/handisport41.fr\/?page_id=65","title":{"rendered":"Union Sportive Vend\u00f4moise Handisport"},"content":{"rendered":"<p><a href=\"http:\/\/handisport41.fr\/wp-content\/uploads\/2015\/07\/logo_usvh-e1436274297603.jpg\"><img decoding=\"async\" loading=\"lazy\" class=\"alignleft wp-image-150\" src=\"http:\/\/handisport41.fr\/wp-content\/uploads\/2015\/07\/logo_usvh-e1436274297603-300x137.jpg\" alt=\"\" width=\"200\" height=\"91\" srcset=\"https:\/\/handisport41.fr\/wp-content\/uploads\/2015\/07\/logo_usvh-e1436274297603-300x137.jpg 300w, https:\/\/handisport41.fr\/wp-content\/uploads\/2015\/07\/logo_usvh-e1436274297603-2x1.jpg 2w, https:\/\/handisport41.fr\/wp-content\/uploads\/2015\/07\/logo_usvh-e1436274297603.jpg 328w\" sizes=\"(max-width: 200px) 100vw, 200px\" \/><\/a><\/p>\n<p>Cr\u00e9\u00e9e en 1946, pr\u00e9sid\u00e9e par\u00a0Philippe JOUBERT<\/p>\n<p><strong>Contact:<\/strong> <a href=\"mailto:pjdp@orange.fr\">pjdp@orange.fr<\/a>, 02 54 23 41 92<\/p>\n<p><strong>Activit\u00e9s propos\u00e9es:<\/strong><\/p>\n<ul>\n<li>Natation (loisir)<\/li>\n<li>Sarbacane (loisir)<\/li>\n<li>Tir sportif (loisir, comp\u00e9tition)<\/li>\n<\/ul>\n<p><strong>Public accueilli:<\/strong> debout, fauteuil manuel, fauteuil \u00e9lectrique, d\u00e9ficient visuel, sourd<\/p>\n","protected":false},"excerpt":{"rendered":"<p>Cr\u00e9\u00e9e en 1946, pr\u00e9sid\u00e9e par\u00a0Philippe JOUBERT Contact: pjdp@orange.fr, 02 54 23 41 92 Activit\u00e9s propos\u00e9es: Natation (loisir) Sarbacane (loisir) Tir sportif (loisir, comp\u00e9tition) Public accueilli: debout, fauteuil manuel, fauteuil \u00e9lectrique, d\u00e9ficient visuel, sourd<\/p>\n","protected":false},"author":1,"featured_media":0,"parent":0,"menu_order":0,"comment_status":"closed","ping_status":"open","template":"","meta":[],"_links":{"self":[{"href":"https:\/\/handisport41.fr\/index.php?rest_route=\/wp\/v2\/pages\/65"}],"collection":[{"href":"https:\/\/handisport41.fr\/index.php?rest_route=\/wp\/v2\/pages"}],"about":[{"href":"https:\/\/handisport41.fr\/index.php?rest_route=\/wp\/v2\/types\/page"}],"author":[{"embeddable":true,"href":"https:\/\/handisport41.fr\/index.php?rest_route=\/wp\/v2\/users\/1"}],"replies":[{"embeddable":true,"href":"https:\/\/handisport41.fr\/index.php?rest_route=%2Fwp%2Fv2%2Fcomments&post=65"}],"version-history":[{"count":9,"href":"https:\/\/handisport41.fr\/index.php?rest_route=\/wp\/v2\/pages\/65\/revisions"}],"predecessor-version":[{"id":791,"href":"https:\/\/handisport41.fr\/index.php?rest_route=\/wp\/v2\/pages\/65\/revisions\/791"}],"wp:attachment":[{"href":"https:\/\/handisport41.fr\/index.php?rest_route=%2Fwp%2Fv2%2Fmedia&parent=65"}],"curies":[{"name":"wp","href":"https:\/\/api.w.org\/{rel}","templated":true}]}}