{"id":67,"date":"2015-07-06T08:58:48","date_gmt":"2015-07-06T08:58:48","guid":{"rendered":"http:\/\/handisport41.fr\/?page_id=67"},"modified":"2022-02-24T13:52:05","modified_gmt":"2022-02-24T13:52:05","slug":"association-chailles-tennis-de-table","status":"publish","type":"page","link":"https:\/\/handisport41.fr\/?page_id=67","title":{"rendered":"Association Chailles Tennis de Table"},"content":{"rendered":"<p><img decoding=\"async\" loading=\"lazy\" class=\"alignleft size-thumbnail wp-image-152\" src=\"http:\/\/handisport41.fr\/wp-content\/uploads\/2015\/07\/as-tt-chailles-jpg-150x150.jpg\" alt=\"as-tt-chailles-jpg\" width=\"150\" height=\"150\" srcset=\"https:\/\/handisport41.fr\/wp-content\/uploads\/2015\/07\/as-tt-chailles-jpg-150x150.jpg 150w, https:\/\/handisport41.fr\/wp-content\/uploads\/2015\/07\/as-tt-chailles-jpg.jpg 299w, https:\/\/handisport41.fr\/wp-content\/uploads\/2015\/07\/as-tt-chailles-jpg-1x1.jpg 1w\" sizes=\"(max-width: 150px) 100vw, 150px\" \/><\/p>\n<p>Cr\u00e9\u00e9e en 1996, pr\u00e9sid\u00e9e par Francis LUCAS<\/p>\n<p><strong>Contact :<\/strong> <a href=\"mailto:as.chailles.tt@free.fr\">as.chailles.tt@gmail.com<\/a>, 02 54 44 29 85,\u00a0 \u00a0 06 61 82 48 37<\/p>\n<p><strong>Site internet :<\/strong>\u00a0<a href=\"https:\/\/www.tt-as-chailles.fr\/\" target=\"_blank\" rel=\"noopener noreferrer\">tt-as-chailles.fr\/<\/a><\/p>\n<p><strong>Activit\u00e9 propos\u00e9e : <\/strong>Tennis de Table (loisir et comp\u00e9tition)<\/p>\n<p><strong>Public accueilli :<\/strong> debout, fauteuil manuel, fauteuil \u00e9lectrique, sourd<\/p>\n","protected":false},"excerpt":{"rendered":"<p>Cr\u00e9\u00e9e en 1996, pr\u00e9sid\u00e9e par Francis LUCAS Contact : as.chailles.tt@gmail.com, 02 54 44 29 85,\u00a0 \u00a0 06 61 82 48 37 Site internet :\u00a0tt-as-chailles.fr\/ Activit\u00e9 propos\u00e9e : Tennis de Table (loisir et comp\u00e9tition) Public accueilli : debout, fauteuil manuel, fauteuil \u00e9lectrique, sourd<\/p>\n","protected":false},"author":1,"featured_media":0,"parent":0,"menu_order":0,"comment_status":"closed","ping_status":"closed","template":"","meta":[],"_links":{"self":[{"href":"https:\/\/handisport41.fr\/index.php?rest_route=\/wp\/v2\/pages\/67"}],"collection":[{"href":"https:\/\/handisport41.fr\/index.php?rest_route=\/wp\/v2\/pages"}],"about":[{"href":"https:\/\/handisport41.fr\/index.php?rest_route=\/wp\/v2\/types\/page"}],"author":[{"embeddable":true,"href":"https:\/\/handisport41.fr\/index.php?rest_route=\/wp\/v2\/users\/1"}],"replies":[{"embeddable":true,"href":"https:\/\/handisport41.fr\/index.php?rest_route=%2Fwp%2Fv2%2Fcomments&post=67"}],"version-history":[{"count":6,"href":"https:\/\/handisport41.fr\/index.php?rest_route=\/wp\/v2\/pages\/67\/revisions"}],"predecessor-version":[{"id":772,"href":"https:\/\/handisport41.fr\/index.php?rest_route=\/wp\/v2\/pages\/67\/revisions\/772"}],"wp:attachment":[{"href":"https:\/\/handisport41.fr\/index.php?rest_route=%2Fwp%2Fv2%2Fmedia&parent=67"}],"curies":[{"name":"wp","href":"https:\/\/api.w.org\/{rel}","templated":true}]}}