{"id":71,"date":"2015-07-06T08:59:43","date_gmt":"2015-07-06T08:59:43","guid":{"rendered":"http:\/\/handisport41.fr\/?page_id=71"},"modified":"2022-02-24T14:03:02","modified_gmt":"2022-02-24T14:03:02","slug":"billarders-blesois","status":"publish","type":"page","link":"https:\/\/handisport41.fr\/?page_id=71","title":{"rendered":"Billarder&rsquo;s Bl\u00e9sois"},"content":{"rendered":"<p><a href=\"http:\/\/handisport41.fr\/wp-content\/uploads\/2022\/02\/logo.png\"><img decoding=\"async\" loading=\"lazy\" class=\"alignleft wp-image-778 size-medium\" src=\"http:\/\/handisport41.fr\/wp-content\/uploads\/2022\/02\/logo-300x61.png\" alt=\"\" width=\"300\" height=\"61\" srcset=\"https:\/\/handisport41.fr\/wp-content\/uploads\/2022\/02\/logo-300x61.png 300w, https:\/\/handisport41.fr\/wp-content\/uploads\/2022\/02\/logo-768x157.png 768w, https:\/\/handisport41.fr\/wp-content\/uploads\/2022\/02\/logo-1024x209.png 1024w, https:\/\/handisport41.fr\/wp-content\/uploads\/2022\/02\/logo-5x1.png 5w, https:\/\/handisport41.fr\/wp-content\/uploads\/2022\/02\/logo.png 1274w\" sizes=\"(max-width: 300px) 100vw, 300px\" \/><\/a>Cr\u00e9\u00e9e en 2004, pr\u00e9sid\u00e9 par Sylvain BARROT<\/p>\n<p><strong>Contact :<\/strong> <a href=\"mailto:lesbillardersblesois@gmail.com\">lesbillardersblesois@gmail.com<\/a>, 06 66 73 01 12<\/p>\n<p><strong>Site internet : <\/strong><a href=\"https:\/\/www.abblesois.com\/\" target=\"_blank\" rel=\"noopener noreferrer\">abblesois.com<\/a><\/p>\n<p><strong>Activit\u00e9 propos\u00e9e:<\/strong><\/p>\n<ul>\n<li>billard (loisir)<\/li>\n<\/ul>\n<p><strong>Public accueilli:<\/strong> debout, fauteuil manuel, fauteuil \u00e9lectrique, sourd<\/p>\n","protected":false},"excerpt":{"rendered":"<p>Cr\u00e9\u00e9e en 2004, pr\u00e9sid\u00e9 par Sylvain BARROT Contact : lesbillardersblesois@gmail.com, 06 66 73 01 12 Site internet : abblesois.com Activit\u00e9 propos\u00e9e: billard (loisir) Public accueilli: debout, fauteuil manuel, fauteuil \u00e9lectrique, sourd<\/p>\n","protected":false},"author":1,"featured_media":0,"parent":0,"menu_order":0,"comment_status":"closed","ping_status":"open","template":"","meta":[],"_links":{"self":[{"href":"https:\/\/handisport41.fr\/index.php?rest_route=\/wp\/v2\/pages\/71"}],"collection":[{"href":"https:\/\/handisport41.fr\/index.php?rest_route=\/wp\/v2\/pages"}],"about":[{"href":"https:\/\/handisport41.fr\/index.php?rest_route=\/wp\/v2\/types\/page"}],"author":[{"embeddable":true,"href":"https:\/\/handisport41.fr\/index.php?rest_route=\/wp\/v2\/users\/1"}],"replies":[{"embeddable":true,"href":"https:\/\/handisport41.fr\/index.php?rest_route=%2Fwp%2Fv2%2Fcomments&post=71"}],"version-history":[{"count":3,"href":"https:\/\/handisport41.fr\/index.php?rest_route=\/wp\/v2\/pages\/71\/revisions"}],"predecessor-version":[{"id":780,"href":"https:\/\/handisport41.fr\/index.php?rest_route=\/wp\/v2\/pages\/71\/revisions\/780"}],"wp:attachment":[{"href":"https:\/\/handisport41.fr\/index.php?rest_route=%2Fwp%2Fv2%2Fmedia&parent=71"}],"curies":[{"name":"wp","href":"https:\/\/api.w.org\/{rel}","templated":true}]}}