{"id":84,"date":"2015-07-06T09:03:51","date_gmt":"2015-07-06T09:03:51","guid":{"rendered":"http:\/\/handisport41.fr\/?page_id=84"},"modified":"2024-08-06T10:03:00","modified_gmt":"2024-08-06T10:03:00","slug":"le-bureau","status":"publish","type":"page","link":"https:\/\/handisport41.fr\/?page_id=84","title":{"rendered":"Le bureau"},"content":{"rendered":"<p>Depuis l&rsquo;assembl\u00e9e g\u00e9n\u00e9rale du 08 avril 2024, le bureau du CDH41 est constitu\u00e9 comme suit :<\/p>\n<ul>\n<li>Pr\u00e9sident : M. Hubert LAROCHE<\/li>\n<li>Tr\u00e9sorier : M. Eric LETOURMY<\/li>\n<li>Secr\u00e9taire : Mme Sandrine LETOURMY-CLEMENT<\/li>\n<li>R\u00e9f\u00e9rente M\u00e9dicale : Vanessa JOUET<\/li>\n<li>Vice-pr\u00e9sident : M. Arnaud BESSE<\/li>\n<li>Vice-pr\u00e9sident : M. Jo\u00ebl VARENNES<\/li>\n<\/ul>\n<p>Nos pr\u00e9sidents de Club handisport dans le Loir et Cher :<\/p>\n<ul>\n<li>Jo\u00ebl VARENNES, pr\u00e9sident de l&rsquo;A.S.H BLOIS, <a href=\"mailto:varennes.joel@orange.fr\">varennes.joel@orange.fr<\/a><\/li>\n<li>Alexandre CHAUSSARD, pr\u00e9sident du Blois Handisport,\u00a0 <a href=\"mailto:bloishandisport@orange.fr\">bloishandisport@orange.fr<\/a><\/li>\n<li>Philippe JOUBERT, pr\u00e9sident de Vend\u00f4me Handisport, <a href=\"mailto:pjdp41@orange.fr\">pjdp41@orange.fr<\/a><\/li>\n<li>Sidney VILLEREZ, pr\u00e9sident de Sologne Handisport, <a href=\"mailto:sologne.handisport@gmail.com\">sologne.handisport@gmail.com<\/a><\/li>\n<li>Laurent BOISGARD, pr\u00e9sident de l&rsquo;Association Meroise Olympique, <a href=\"mailto:amo-mer-tt@orange.fr\">amo-mer-tt@orange.fr<\/a><\/li>\n<li>Daniel AUBRY, pr\u00e9sident de l&rsquo;Association Jeunesse Bl\u00e9soise et Onzainoise, <a href=\"mailto:a.j.b.o@wanadoo.fr\">a.j.b.o@wanadoo.fr<\/a><\/li>\n<li>Lionel BIDEAU, pr\u00e9sident de TEAM2CLB, <a href=\"mailto:team2clb@gmail.com\">team2clb@gmail.com<\/a><\/li>\n<\/ul>\n","protected":false},"excerpt":{"rendered":"<p>Depuis l&rsquo;assembl\u00e9e g\u00e9n\u00e9rale du 08 avril 2024, le bureau du CDH41 est constitu\u00e9 comme suit : Pr\u00e9sident : M. Hubert LAROCHE Tr\u00e9sorier : M. Eric LETOURMY Secr\u00e9taire : Mme Sandrine LETOURMY-CLEMENT R\u00e9f\u00e9rente M\u00e9dicale : Vanessa JOUET Vice-pr\u00e9sident : M. Arnaud BESSE Vice-pr\u00e9sident : M. Jo\u00ebl VARENNES Nos pr\u00e9sidents de Club handisport dans le Loir et&#8230;<\/p>\n","protected":false},"author":1,"featured_media":0,"parent":0,"menu_order":0,"comment_status":"closed","ping_status":"open","template":"","meta":[],"_links":{"self":[{"href":"https:\/\/handisport41.fr\/index.php?rest_route=\/wp\/v2\/pages\/84"}],"collection":[{"href":"https:\/\/handisport41.fr\/index.php?rest_route=\/wp\/v2\/pages"}],"about":[{"href":"https:\/\/handisport41.fr\/index.php?rest_route=\/wp\/v2\/types\/page"}],"author":[{"embeddable":true,"href":"https:\/\/handisport41.fr\/index.php?rest_route=\/wp\/v2\/users\/1"}],"replies":[{"embeddable":true,"href":"https:\/\/handisport41.fr\/index.php?rest_route=%2Fwp%2Fv2%2Fcomments&post=84"}],"version-history":[{"count":16,"href":"https:\/\/handisport41.fr\/index.php?rest_route=\/wp\/v2\/pages\/84\/revisions"}],"predecessor-version":[{"id":817,"href":"https:\/\/handisport41.fr\/index.php?rest_route=\/wp\/v2\/pages\/84\/revisions\/817"}],"wp:attachment":[{"href":"https:\/\/handisport41.fr\/index.php?rest_route=%2Fwp%2Fv2%2Fmedia&parent=84"}],"curies":[{"name":"wp","href":"https:\/\/api.w.org\/{rel}","templated":true}]}}