{"id":86,"date":"2015-07-06T09:04:18","date_gmt":"2015-07-06T09:04:18","guid":{"rendered":"http:\/\/handisport41.fr\/?page_id=86"},"modified":"2022-03-07T14:01:36","modified_gmt":"2022-03-07T14:01:36","slug":"les-missions","status":"publish","type":"page","link":"https:\/\/handisport41.fr\/?page_id=86","title":{"rendered":"Les missions"},"content":{"rendered":"\n<p style=\"text-align:left\">Le Comit\u00e9 D\u00e9partemental Handisport du Loir et Cher d\u00e9pend de la F\u00e9d\u00e9ration Fran\u00e7aise Handisport. Il permet donc de f\u00e9d\u00e9rer le monde Handisport dans ce d\u00e9partement. <\/p>\n\n\n\n<p style=\"text-align:center\">Ces missions sont diverses. <\/p>\n\n\n\n<p>Le Comit\u00e9 fait le lien entre la f\u00e9d\u00e9ration (FFH) \u00e0 l&rsquo;\u00e9chelle nationnale et les clubs, mais il doit aussi faire le lien entre les sportifs et les clubs. Son objectif est de rapprocher les sportifs et de les renseigner sur les clubs. <\/p>\n\n\n\n<p>Aussi, le Comit\u00e9 d\u00e9veloppe les disciplines sportives et consid\u00e8re les nouveux sports pour les faire d\u00e9couvrir aux clubs affili\u00e9s. <\/p>\n\n\n\n<p>Son r\u00f4le est \u00e9galement de sensibiliser au handicap dans les \u00e9coles, les entreprises et les institutions. <\/p>\n\n\n\n<p>Une autre des missions du Comit\u00e9 est de former le personnel, les b\u00e9n\u00e9voles et les responsables associatifs \u00e0 l&rsquo;encadrement du Handisport. <\/p>\n\n\n\n<p>Pour finir, il acccompagne les sportifs, allant de l&rsquo;initiation \u00e0 la performance paralympique. <\/p>\n\n\n\n<p><\/p>\n","protected":false},"excerpt":{"rendered":"<p>Le Comit\u00e9 D\u00e9partemental Handisport du Loir et Cher d\u00e9pend de la F\u00e9d\u00e9ration Fran\u00e7aise Handisport. Il permet donc de f\u00e9d\u00e9rer le monde Handisport dans ce d\u00e9partement. Ces missions sont diverses. Le Comit\u00e9 fait le lien entre la f\u00e9d\u00e9ration (FFH) \u00e0 l&rsquo;\u00e9chelle nationnale et les clubs, mais il doit aussi faire le lien entre les sportifs et&#8230;<\/p>\n","protected":false},"author":1,"featured_media":0,"parent":0,"menu_order":0,"comment_status":"closed","ping_status":"open","template":"","meta":[],"_links":{"self":[{"href":"https:\/\/handisport41.fr\/index.php?rest_route=\/wp\/v2\/pages\/86"}],"collection":[{"href":"https:\/\/handisport41.fr\/index.php?rest_route=\/wp\/v2\/pages"}],"about":[{"href":"https:\/\/handisport41.fr\/index.php?rest_route=\/wp\/v2\/types\/page"}],"author":[{"embeddable":true,"href":"https:\/\/handisport41.fr\/index.php?rest_route=\/wp\/v2\/users\/1"}],"replies":[{"embeddable":true,"href":"https:\/\/handisport41.fr\/index.php?rest_route=%2Fwp%2Fv2%2Fcomments&post=86"}],"version-history":[{"count":2,"href":"https:\/\/handisport41.fr\/index.php?rest_route=\/wp\/v2\/pages\/86\/revisions"}],"predecessor-version":[{"id":799,"href":"https:\/\/handisport41.fr\/index.php?rest_route=\/wp\/v2\/pages\/86\/revisions\/799"}],"wp:attachment":[{"href":"https:\/\/handisport41.fr\/index.php?rest_route=%2Fwp%2Fv2%2Fmedia&parent=86"}],"curies":[{"name":"wp","href":"https:\/\/api.w.org\/{rel}","templated":true}]}}